{"id":13357,"date":"2026-04-15T10:45:15","date_gmt":"2026-04-15T10:45:15","guid":{"rendered":"https:\/\/eko.reklamosliutas.lt\/produkt\/ribbad-brand-trapanel-for-fasad-12\/"},"modified":"2026-04-15T10:45:19","modified_gmt":"2026-04-15T10:45:19","slug":"ribbad-brand-trapanel-for-fasad-12","status":"publish","type":"product","link":"https:\/\/eko.reklamosliutas.lt\/en\/product\/ribbad-brand-trapanel-for-fasad-12\/","title":{"rendered":"Ribbad br\u00e4nd tr\u00e4panel f\u00f6r fasad"},"content":{"rendered":"","protected":false},"excerpt":{"rendered":"","protected":false},"featured_media":12014,"template":"","meta":{"_acf_changed":false},"product_brand":[],"product_cat":[671,672],"product_tag":[],"class_list":{"0":"post-13357","1":"product","2":"type-product","3":"status-publish","4":"has-post-thumbnail","6":"product_cat-anvandningsomrade","7":"product_cat-for-utomhusprojekt","9":"first","10":"instock","11":"taxable","12":"shipping-taxable","13":"purchasable","14":"product-type-variable"},"acf":[],"_links":{"self":[{"href":"https:\/\/eko.reklamosliutas.lt\/en\/wp-json\/wp\/v2\/product\/13357"}],"collection":[{"href":"https:\/\/eko.reklamosliutas.lt\/en\/wp-json\/wp\/v2\/product"}],"about":[{"href":"https:\/\/eko.reklamosliutas.lt\/en\/wp-json\/wp\/v2\/types\/product"}],"wp:featuredmedia":[{"embeddable":true,"href":"https:\/\/eko.reklamosliutas.lt\/en\/wp-json\/wp\/v2\/media\/12014"}],"wp:attachment":[{"href":"https:\/\/eko.reklamosliutas.lt\/en\/wp-json\/wp\/v2\/media?parent=13357"}],"wp:term":[{"taxonomy":"product_brand","embeddable":true,"href":"https:\/\/eko.reklamosliutas.lt\/en\/wp-json\/wp\/v2\/product_brand?post=13357"},{"taxonomy":"product_cat","embeddable":true,"href":"https:\/\/eko.reklamosliutas.lt\/en\/wp-json\/wp\/v2\/product_cat?post=13357"},{"taxonomy":"product_tag","embeddable":true,"href":"https:\/\/eko.reklamosliutas.lt\/en\/wp-json\/wp\/v2\/product_tag?post=13357"}],"curies":[{"name":"wp","href":"https:\/\/api.w.org\/{rel}","templated":true}]}}