{"id":13023,"date":"2026-04-15T10:42:43","date_gmt":"2026-04-15T10:42:43","guid":{"rendered":"https:\/\/eko.reklamosliutas.lt\/produkt\/brand-trafasad-for-utomhusbruk-76\/"},"modified":"2026-04-15T10:42:45","modified_gmt":"2026-04-15T10:42:45","slug":"brand-trafasad-for-utomhusbruk-76","status":"publish","type":"product","link":"https:\/\/eko.reklamosliutas.lt\/en\/product\/brand-trafasad-for-utomhusbruk-76\/","title":{"rendered":"Br\u00e4nd Tr\u00e4fasad f\u00f6r utomhusbruk"},"content":{"rendered":"","protected":false},"excerpt":{"rendered":"","protected":false},"featured_media":0,"template":"","meta":{"_acf_changed":false},"product_brand":[],"product_cat":[671,672],"product_tag":[],"class_list":{"0":"post-13023","1":"product","2":"type-product","3":"status-publish","5":"product_cat-anvandningsomrade","6":"product_cat-for-utomhusprojekt","8":"first","9":"instock","10":"taxable","11":"shipping-taxable","12":"purchasable","13":"product-type-variable"},"acf":[],"_links":{"self":[{"href":"https:\/\/eko.reklamosliutas.lt\/en\/wp-json\/wp\/v2\/product\/13023"}],"collection":[{"href":"https:\/\/eko.reklamosliutas.lt\/en\/wp-json\/wp\/v2\/product"}],"about":[{"href":"https:\/\/eko.reklamosliutas.lt\/en\/wp-json\/wp\/v2\/types\/product"}],"wp:attachment":[{"href":"https:\/\/eko.reklamosliutas.lt\/en\/wp-json\/wp\/v2\/media?parent=13023"}],"wp:term":[{"taxonomy":"product_brand","embeddable":true,"href":"https:\/\/eko.reklamosliutas.lt\/en\/wp-json\/wp\/v2\/product_brand?post=13023"},{"taxonomy":"product_cat","embeddable":true,"href":"https:\/\/eko.reklamosliutas.lt\/en\/wp-json\/wp\/v2\/product_cat?post=13023"},{"taxonomy":"product_tag","embeddable":true,"href":"https:\/\/eko.reklamosliutas.lt\/en\/wp-json\/wp\/v2\/product_tag?post=13023"}],"curies":[{"name":"wp","href":"https:\/\/api.w.org\/{rel}","templated":true}]}}