{"id":12135,"date":"2026-03-27T08:36:43","date_gmt":"2026-03-27T08:36:43","guid":{"rendered":"https:\/\/eko.reklamosliutas.lt\/produkt\/takbrador-i-tra-brand-borstad-nordisk-gran-3\/"},"modified":"2026-04-08T15:04:02","modified_gmt":"2026-04-08T15:04:02","slug":"takbrador-i-tra-brand-borstad-nordisk-gran-3","status":"publish","type":"product","link":"https:\/\/eko.reklamosliutas.lt\/en\/product\/takbrador-i-tra-brand-borstad-nordisk-gran-3\/","title":{"rendered":"Takbr\u00e4dor i tr\u00e4. Br\u00e4nd \/ borstad nordisk gran"},"content":{"rendered":"","protected":false},"excerpt":{"rendered":"","protected":false},"featured_media":12132,"template":"","meta":{"_acf_changed":false},"product_brand":[],"product_cat":[668],"product_tag":[],"class_list":{"0":"post-12135","1":"product","2":"type-product","3":"status-publish","4":"has-post-thumbnail","6":"product_cat-tratak-anvandningsomrade","8":"first","9":"instock","10":"taxable","11":"shipping-taxable","12":"purchasable","13":"product-type-variable"},"acf":[],"_links":{"self":[{"href":"https:\/\/eko.reklamosliutas.lt\/en\/wp-json\/wp\/v2\/product\/12135"}],"collection":[{"href":"https:\/\/eko.reklamosliutas.lt\/en\/wp-json\/wp\/v2\/product"}],"about":[{"href":"https:\/\/eko.reklamosliutas.lt\/en\/wp-json\/wp\/v2\/types\/product"}],"wp:featuredmedia":[{"embeddable":true,"href":"https:\/\/eko.reklamosliutas.lt\/en\/wp-json\/wp\/v2\/media\/12132"}],"wp:attachment":[{"href":"https:\/\/eko.reklamosliutas.lt\/en\/wp-json\/wp\/v2\/media?parent=12135"}],"wp:term":[{"taxonomy":"product_brand","embeddable":true,"href":"https:\/\/eko.reklamosliutas.lt\/en\/wp-json\/wp\/v2\/product_brand?post=12135"},{"taxonomy":"product_cat","embeddable":true,"href":"https:\/\/eko.reklamosliutas.lt\/en\/wp-json\/wp\/v2\/product_cat?post=12135"},{"taxonomy":"product_tag","embeddable":true,"href":"https:\/\/eko.reklamosliutas.lt\/en\/wp-json\/wp\/v2\/product_tag?post=12135"}],"curies":[{"name":"wp","href":"https:\/\/api.w.org\/{rel}","templated":true}]}}