{"id":12056,"date":"2026-03-27T08:35:57","date_gmt":"2026-03-27T08:35:57","guid":{"rendered":"https:\/\/eko.reklamosliutas.lt\/produkt\/ribbad-brand-trapanel-for-fasad-29\/"},"modified":"2026-04-08T15:04:08","modified_gmt":"2026-04-08T15:04:08","slug":"ribbad-brand-trapanel-for-fasad-29","status":"publish","type":"product","link":"https:\/\/eko.reklamosliutas.lt\/en\/product\/ribbad-brand-trapanel-for-fasad-29\/","title":{"rendered":"Ribbad br\u00e4nd tr\u00e4panel f\u00f6r fasad"},"content":{"rendered":"","protected":false},"excerpt":{"rendered":"","protected":false},"featured_media":12058,"template":"","meta":{"_acf_changed":false},"product_brand":[],"product_cat":[666],"product_tag":[],"class_list":{"0":"post-12056","1":"product","2":"type-product","3":"status-publish","4":"has-post-thumbnail","6":"product_cat-for-utomhusprojekt-anvandningsomrade","8":"first","9":"instock","10":"taxable","11":"shipping-taxable","12":"purchasable","13":"product-type-variable"},"acf":[],"_links":{"self":[{"href":"https:\/\/eko.reklamosliutas.lt\/en\/wp-json\/wp\/v2\/product\/12056"}],"collection":[{"href":"https:\/\/eko.reklamosliutas.lt\/en\/wp-json\/wp\/v2\/product"}],"about":[{"href":"https:\/\/eko.reklamosliutas.lt\/en\/wp-json\/wp\/v2\/types\/product"}],"wp:featuredmedia":[{"embeddable":true,"href":"https:\/\/eko.reklamosliutas.lt\/en\/wp-json\/wp\/v2\/media\/12058"}],"wp:attachment":[{"href":"https:\/\/eko.reklamosliutas.lt\/en\/wp-json\/wp\/v2\/media?parent=12056"}],"wp:term":[{"taxonomy":"product_brand","embeddable":true,"href":"https:\/\/eko.reklamosliutas.lt\/en\/wp-json\/wp\/v2\/product_brand?post=12056"},{"taxonomy":"product_cat","embeddable":true,"href":"https:\/\/eko.reklamosliutas.lt\/en\/wp-json\/wp\/v2\/product_cat?post=12056"},{"taxonomy":"product_tag","embeddable":true,"href":"https:\/\/eko.reklamosliutas.lt\/en\/wp-json\/wp\/v2\/product_tag?post=12056"}],"curies":[{"name":"wp","href":"https:\/\/api.w.org\/{rel}","templated":true}]}}