{"id":11986,"date":"2026-03-27T08:35:18","date_gmt":"2026-03-27T08:35:18","guid":{"rendered":"https:\/\/eko.reklamosliutas.lt\/produkt\/rektangular-pelare-i-brant-tra-9\/"},"modified":"2026-04-08T15:04:14","modified_gmt":"2026-04-08T15:04:14","slug":"rektangular-pelare-i-brant-tra-9","status":"publish","type":"product","link":"https:\/\/eko.reklamosliutas.lt\/en\/product\/rektangular-pelare-i-brant-tra-9\/","title":{"rendered":"Rektangul\u00e4r pelare i br\u00e4nt tr\u00e4"},"content":{"rendered":"","protected":false},"excerpt":{"rendered":"","protected":false},"featured_media":0,"template":"","meta":{"_acf_changed":false},"product_brand":[],"product_cat":[666],"product_tag":[],"class_list":{"0":"post-11986","1":"product","2":"type-product","3":"status-publish","5":"product_cat-for-utomhusprojekt-anvandningsomrade","7":"first","8":"instock","9":"taxable","10":"shipping-taxable","11":"purchasable","12":"product-type-variable"},"acf":[],"_links":{"self":[{"href":"https:\/\/eko.reklamosliutas.lt\/en\/wp-json\/wp\/v2\/product\/11986"}],"collection":[{"href":"https:\/\/eko.reklamosliutas.lt\/en\/wp-json\/wp\/v2\/product"}],"about":[{"href":"https:\/\/eko.reklamosliutas.lt\/en\/wp-json\/wp\/v2\/types\/product"}],"wp:attachment":[{"href":"https:\/\/eko.reklamosliutas.lt\/en\/wp-json\/wp\/v2\/media?parent=11986"}],"wp:term":[{"taxonomy":"product_brand","embeddable":true,"href":"https:\/\/eko.reklamosliutas.lt\/en\/wp-json\/wp\/v2\/product_brand?post=11986"},{"taxonomy":"product_cat","embeddable":true,"href":"https:\/\/eko.reklamosliutas.lt\/en\/wp-json\/wp\/v2\/product_cat?post=11986"},{"taxonomy":"product_tag","embeddable":true,"href":"https:\/\/eko.reklamosliutas.lt\/en\/wp-json\/wp\/v2\/product_tag?post=11986"}],"curies":[{"name":"wp","href":"https:\/\/api.w.org\/{rel}","templated":true}]}}