{"id":11601,"date":"2026-03-27T08:32:15","date_gmt":"2026-03-27T08:32:15","guid":{"rendered":"https:\/\/eko.reklamosliutas.lt\/produkt\/brand-trafasad-for-utomhusbruk-37\/"},"modified":"2026-04-08T15:04:46","modified_gmt":"2026-04-08T15:04:46","slug":"brand-trafasad-for-utomhusbruk-37","status":"publish","type":"product","link":"https:\/\/eko.reklamosliutas.lt\/en\/product\/brand-trafasad-for-utomhusbruk-37\/","title":{"rendered":"Br\u00e4nd Tr\u00e4fasad f\u00f6r utomhusbruk"},"content":{"rendered":"","protected":false},"excerpt":{"rendered":"","protected":false},"featured_media":11571,"template":"","meta":{"_acf_changed":false},"product_brand":[],"product_cat":[666],"product_tag":[],"class_list":{"0":"post-11601","1":"product","2":"type-product","3":"status-publish","4":"has-post-thumbnail","6":"product_cat-for-utomhusprojekt-anvandningsomrade","8":"first","9":"instock","10":"taxable","11":"shipping-taxable","12":"purchasable","13":"product-type-variable"},"acf":[],"_links":{"self":[{"href":"https:\/\/eko.reklamosliutas.lt\/en\/wp-json\/wp\/v2\/product\/11601"}],"collection":[{"href":"https:\/\/eko.reklamosliutas.lt\/en\/wp-json\/wp\/v2\/product"}],"about":[{"href":"https:\/\/eko.reklamosliutas.lt\/en\/wp-json\/wp\/v2\/types\/product"}],"wp:featuredmedia":[{"embeddable":true,"href":"https:\/\/eko.reklamosliutas.lt\/en\/wp-json\/wp\/v2\/media\/11571"}],"wp:attachment":[{"href":"https:\/\/eko.reklamosliutas.lt\/en\/wp-json\/wp\/v2\/media?parent=11601"}],"wp:term":[{"taxonomy":"product_brand","embeddable":true,"href":"https:\/\/eko.reklamosliutas.lt\/en\/wp-json\/wp\/v2\/product_brand?post=11601"},{"taxonomy":"product_cat","embeddable":true,"href":"https:\/\/eko.reklamosliutas.lt\/en\/wp-json\/wp\/v2\/product_cat?post=11601"},{"taxonomy":"product_tag","embeddable":true,"href":"https:\/\/eko.reklamosliutas.lt\/en\/wp-json\/wp\/v2\/product_tag?post=11601"}],"curies":[{"name":"wp","href":"https:\/\/api.w.org\/{rel}","templated":true}]}}